{"id":16690,"date":"2024-09-09T07:17:58","date_gmt":"2024-09-09T06:17:58","guid":{"rendered":"https:\/\/nounoursland.com\/?post_type=product&#038;p=16690"},"modified":"2025-05-17T18:27:05","modified_gmt":"2025-05-17T17:27:05","slug":"stitch-rose","status":"publish","type":"product","link":"https:\/\/nounoursland.com\/ar\/shop\/stitch-rose\/","title":{"rendered":"Stitch&#038;Angel G\u00e9ant 120cm est de retour profitez \ud83d\ude0d"},"content":{"rendered":"<h2><span style=\"font-family: georgia, palatino, serif;\">Disponibilit\u00e9 et Achat<\/span><\/h2>\n<p>Disponible d\u00e8s maintenant chez Nounours Land, le Stitch g\u00e9ant est un cadeau id\u00e9al pour toutes les occasions. Ne manquez pas l&#8217;opportunit\u00e9 d&#8217;ajouter ce merveilleux article \u00e0 votre collection.<\/p>","protected":false},"excerpt":{"rendered":"<h2><span style=\"font-family: 'comic sans ms', sans-serif; color: #595454;\"><strong>STITCH&amp;ANGEL GEANT 120CM<\/strong><\/span><\/h2>","protected":false},"featured_media":16689,"template":"","meta":[],"product_brand":[],"product_cat":[29],"product_tag":[],"class_list":{"0":"post-16690","1":"product","2":"type-product","3":"status-publish","4":"has-post-thumbnail","6":"product_cat-peluches","8":"first","9":"outofstock","10":"sale","11":"shipping-taxable","12":"purchasable","13":"product-type-variable"},"jetpack_sharing_enabled":true,"_links":{"self":[{"href":"https:\/\/nounoursland.com\/ar\/wp-json\/wp\/v2\/product\/16690","targetHints":{"allow":["GET"]}}],"collection":[{"href":"https:\/\/nounoursland.com\/ar\/wp-json\/wp\/v2\/product"}],"about":[{"href":"https:\/\/nounoursland.com\/ar\/wp-json\/wp\/v2\/types\/product"}],"version-history":[{"count":11,"href":"https:\/\/nounoursland.com\/ar\/wp-json\/wp\/v2\/product\/16690\/revisions"}],"predecessor-version":[{"id":17203,"href":"https:\/\/nounoursland.com\/ar\/wp-json\/wp\/v2\/product\/16690\/revisions\/17203"}],"wp:featuredmedia":[{"embeddable":true,"href":"https:\/\/nounoursland.com\/ar\/wp-json\/wp\/v2\/media\/16689"}],"wp:attachment":[{"href":"https:\/\/nounoursland.com\/ar\/wp-json\/wp\/v2\/media?parent=16690"}],"wp:term":[{"taxonomy":"product_brand","embeddable":true,"href":"https:\/\/nounoursland.com\/ar\/wp-json\/wp\/v2\/product_brand?post=16690"},{"taxonomy":"product_cat","embeddable":true,"href":"https:\/\/nounoursland.com\/ar\/wp-json\/wp\/v2\/product_cat?post=16690"},{"taxonomy":"product_tag","embeddable":true,"href":"https:\/\/nounoursland.com\/ar\/wp-json\/wp\/v2\/product_tag?post=16690"}],"curies":[{"name":"wp","href":"https:\/\/api.w.org\/{rel}","templated":true}]}}