{"id":16886,"date":"2024-09-21T23:54:17","date_gmt":"2024-09-21T22:54:17","guid":{"rendered":"https:\/\/nounoursland.com\/?post_type=product&#038;p=16886"},"modified":"2025-01-06T12:37:44","modified_gmt":"2025-01-06T11:37:44","slug":"adorable-pingouin-doll-le-cadeau-parfait-pour-votre-enfant","status":"publish","type":"product","link":"https:\/\/nounoursland.com\/ar\/shop\/adorable-pingouin-doll-le-cadeau-parfait-pour-votre-enfant\/","title":{"rendered":"Adorable Mini Pingouin Doll le cadeau parfait pour votre enfant"},"content":{"rendered":"<h2><span style=\"font-family: georgia, palatino, serif;\">Disponibilit\u00e9 et Achat<\/span><\/h2>\n<p>Disponible d\u00e8s maintenant chez Nounours Land, Le pingouin avec chapeau\u00a0 en peluche est un cadeau id\u00e9al pour toutes les occasions. Ne manquez pas l&#8217;opportunit\u00e9 d&#8217;ajouter ce merveilleux article \u00e0 votre collection.<\/p>","protected":false},"excerpt":{"rendered":"<h2><span style=\"font-family: 'comic sans ms', sans-serif; font-size: 24pt; color: #6b6464;\"><strong>MINI PINGOUIN EN CHAPEAU EN PELUCHE<\/strong><\/span><\/h2>","protected":false},"featured_media":16891,"template":"","meta":[],"product_brand":[],"product_cat":[29],"product_tag":[],"class_list":{"0":"post-16886","1":"product","2":"type-product","3":"status-publish","4":"has-post-thumbnail","6":"product_cat-peluches","8":"first","9":"instock","10":"shipping-taxable","11":"purchasable","12":"product-type-variable"},"jetpack_sharing_enabled":true,"_links":{"self":[{"href":"https:\/\/nounoursland.com\/ar\/wp-json\/wp\/v2\/product\/16886","targetHints":{"allow":["GET"]}}],"collection":[{"href":"https:\/\/nounoursland.com\/ar\/wp-json\/wp\/v2\/product"}],"about":[{"href":"https:\/\/nounoursland.com\/ar\/wp-json\/wp\/v2\/types\/product"}],"version-history":[{"count":4,"href":"https:\/\/nounoursland.com\/ar\/wp-json\/wp\/v2\/product\/16886\/revisions"}],"predecessor-version":[{"id":17282,"href":"https:\/\/nounoursland.com\/ar\/wp-json\/wp\/v2\/product\/16886\/revisions\/17282"}],"wp:featuredmedia":[{"embeddable":true,"href":"https:\/\/nounoursland.com\/ar\/wp-json\/wp\/v2\/media\/16891"}],"wp:attachment":[{"href":"https:\/\/nounoursland.com\/ar\/wp-json\/wp\/v2\/media?parent=16886"}],"wp:term":[{"taxonomy":"product_brand","embeddable":true,"href":"https:\/\/nounoursland.com\/ar\/wp-json\/wp\/v2\/product_brand?post=16886"},{"taxonomy":"product_cat","embeddable":true,"href":"https:\/\/nounoursland.com\/ar\/wp-json\/wp\/v2\/product_cat?post=16886"},{"taxonomy":"product_tag","embeddable":true,"href":"https:\/\/nounoursland.com\/ar\/wp-json\/wp\/v2\/product_tag?post=16886"}],"curies":[{"name":"wp","href":"https:\/\/api.w.org\/{rel}","templated":true}]}}