{"id":16901,"date":"2024-09-22T00:11:48","date_gmt":"2024-09-21T23:11:48","guid":{"rendered":"https:\/\/nounoursland.com\/?post_type=product&#038;p=16901"},"modified":"2024-10-02T23:42:19","modified_gmt":"2024-10-02T22:42:19","slug":"bunny-peluche-mignon","status":"publish","type":"product","link":"https:\/\/nounoursland.com\/ar\/shop\/bunny-peluche-mignon\/","title":{"rendered":"Bunny Peluche Mignon"},"content":{"rendered":"<h2><span style=\"font-family: georgia, palatino, serif;\">Disponibilit\u00e9 et Achat<\/span><\/h2>\n<p>Disponible d\u00e8s maintenant chez Nounours Land, Lapin en peluche est un cadeau id\u00e9al pour toutes les occasions. Ne manquez pas l&#8217;opportunit\u00e9 d&#8217;ajouter ce merveilleux article \u00e0 votre collection.<\/p>","protected":false},"excerpt":{"rendered":"<h2><span style=\"font-family: 'comic sans ms', sans-serif; font-size: 24pt; color: #666161;\">LAPIN EN PELUCHE\u00a0<\/span><\/h2>","protected":false},"featured_media":16934,"template":"","meta":[],"product_brand":[],"product_cat":[29],"product_tag":[],"class_list":{"0":"post-16901","1":"product","2":"type-product","3":"status-publish","4":"has-post-thumbnail","6":"product_cat-peluches","8":"first","9":"instock","10":"shipping-taxable","11":"purchasable","12":"product-type-simple"},"jetpack_sharing_enabled":true,"_links":{"self":[{"href":"https:\/\/nounoursland.com\/ar\/wp-json\/wp\/v2\/product\/16901","targetHints":{"allow":["GET"]}}],"collection":[{"href":"https:\/\/nounoursland.com\/ar\/wp-json\/wp\/v2\/product"}],"about":[{"href":"https:\/\/nounoursland.com\/ar\/wp-json\/wp\/v2\/types\/product"}],"version-history":[{"count":3,"href":"https:\/\/nounoursland.com\/ar\/wp-json\/wp\/v2\/product\/16901\/revisions"}],"predecessor-version":[{"id":17211,"href":"https:\/\/nounoursland.com\/ar\/wp-json\/wp\/v2\/product\/16901\/revisions\/17211"}],"wp:featuredmedia":[{"embeddable":true,"href":"https:\/\/nounoursland.com\/ar\/wp-json\/wp\/v2\/media\/16934"}],"wp:attachment":[{"href":"https:\/\/nounoursland.com\/ar\/wp-json\/wp\/v2\/media?parent=16901"}],"wp:term":[{"taxonomy":"product_brand","embeddable":true,"href":"https:\/\/nounoursland.com\/ar\/wp-json\/wp\/v2\/product_brand?post=16901"},{"taxonomy":"product_cat","embeddable":true,"href":"https:\/\/nounoursland.com\/ar\/wp-json\/wp\/v2\/product_cat?post=16901"},{"taxonomy":"product_tag","embeddable":true,"href":"https:\/\/nounoursland.com\/ar\/wp-json\/wp\/v2\/product_tag?post=16901"}],"curies":[{"name":"wp","href":"https:\/\/api.w.org\/{rel}","templated":true}]}}