{"id":16977,"date":"2024-09-22T23:34:04","date_gmt":"2024-09-22T22:34:04","guid":{"rendered":"https:\/\/nounoursland.com\/?post_type=product&#038;p=16977"},"modified":"2025-04-15T04:13:20","modified_gmt":"2025-04-15T03:13:20","slug":"decouvrez-la-collection-stitchangel-%f0%9f%98%8d","status":"publish","type":"product","link":"https:\/\/nounoursland.com\/ar\/shop\/decouvrez-la-collection-stitchangel-%f0%9f%98%8d\/","title":{"rendered":"D\u00e9couvrez La Collection Stitch&#038;Angel \ud83d\ude0d"},"content":{"rendered":"<h2><span style=\"font-family: georgia, palatino, serif;\">Disponibilit\u00e9 et Achat<\/span><\/h2>\n<p>Disponible d\u00e8s maintenant chez Nounours Land, La collection Stitch&amp;Angel est un cadeau id\u00e9al pour toutes les occasions. Ne manquez pas l&#8217;opportunit\u00e9 d&#8217;ajouter ce merveilleux article \u00e0 votre collection.<\/p>","protected":false},"excerpt":{"rendered":"<h2 style=\"text-align: center;\"><span style=\"font-size: 24pt; font-family: 'comic sans ms', sans-serif; color: #595353;\"><strong>PELUCHE STITCH&amp;ANGEL DISPONBLE EN PLUSIEURS DIMENSIONS<\/strong><\/span><\/h2>","protected":false},"featured_media":16949,"template":"","meta":[],"product_brand":[],"product_cat":[29],"product_tag":[],"class_list":{"0":"post-16977","1":"product","2":"type-product","3":"status-publish","4":"has-post-thumbnail","6":"product_cat-peluches","8":"first","9":"instock","10":"shipping-taxable","11":"purchasable","12":"product-type-variable"},"jetpack_sharing_enabled":true,"_links":{"self":[{"href":"https:\/\/nounoursland.com\/ar\/wp-json\/wp\/v2\/product\/16977","targetHints":{"allow":["GET"]}}],"collection":[{"href":"https:\/\/nounoursland.com\/ar\/wp-json\/wp\/v2\/product"}],"about":[{"href":"https:\/\/nounoursland.com\/ar\/wp-json\/wp\/v2\/types\/product"}],"version-history":[{"count":4,"href":"https:\/\/nounoursland.com\/ar\/wp-json\/wp\/v2\/product\/16977\/revisions"}],"predecessor-version":[{"id":17214,"href":"https:\/\/nounoursland.com\/ar\/wp-json\/wp\/v2\/product\/16977\/revisions\/17214"}],"wp:featuredmedia":[{"embeddable":true,"href":"https:\/\/nounoursland.com\/ar\/wp-json\/wp\/v2\/media\/16949"}],"wp:attachment":[{"href":"https:\/\/nounoursland.com\/ar\/wp-json\/wp\/v2\/media?parent=16977"}],"wp:term":[{"taxonomy":"product_brand","embeddable":true,"href":"https:\/\/nounoursland.com\/ar\/wp-json\/wp\/v2\/product_brand?post=16977"},{"taxonomy":"product_cat","embeddable":true,"href":"https:\/\/nounoursland.com\/ar\/wp-json\/wp\/v2\/product_cat?post=16977"},{"taxonomy":"product_tag","embeddable":true,"href":"https:\/\/nounoursland.com\/ar\/wp-json\/wp\/v2\/product_tag?post=16977"}],"curies":[{"name":"wp","href":"https:\/\/api.w.org\/{rel}","templated":true}]}}