{"id":17120,"date":"2024-09-23T19:56:13","date_gmt":"2024-09-23T18:56:13","guid":{"rendered":"https:\/\/nounoursland.com\/?post_type=product&#038;p=17120"},"modified":"2024-09-24T23:30:30","modified_gmt":"2024-09-24T22:30:30","slug":"peluche-panda-le-cadeau-adorable%f0%9f%98%8d","status":"publish","type":"product","link":"https:\/\/nounoursland.com\/ar\/shop\/peluche-panda-le-cadeau-adorable%f0%9f%98%8d\/","title":{"rendered":"Peluche Panda Le Cadeau Adorable\ud83d\ude0d"},"content":{"rendered":"<h2><span style=\"font-family: georgia, palatino, serif;\">Disponibilit\u00e9 et Achat<\/span><\/h2>\n<p>Disponible d\u00e8s maintenant chez Nounours Land, Le peluche Panda est un cadeau id\u00e9al pour toutes les occasions. Ne manquez pas l&#8217;opportunit\u00e9 d&#8217;ajouter ce merveilleux article \u00e0 votre collection.<\/p>","protected":false},"excerpt":{"rendered":"<h2 style=\"text-align: center;\"><span style=\"font-family: 'comic sans ms', sans-serif; font-size: 24pt; color: #4a4646;\">PELUCHE PANDA CUTE<\/span><\/h2>","protected":false},"featured_media":17124,"template":"","meta":[],"product_brand":[],"product_cat":[29],"product_tag":[],"class_list":{"0":"post-17120","1":"product","2":"type-product","3":"status-publish","4":"has-post-thumbnail","6":"product_cat-peluches","8":"first","9":"instock","10":"shipping-taxable","11":"purchasable","12":"product-type-simple"},"jetpack_sharing_enabled":true,"_links":{"self":[{"href":"https:\/\/nounoursland.com\/ar\/wp-json\/wp\/v2\/product\/17120","targetHints":{"allow":["GET"]}}],"collection":[{"href":"https:\/\/nounoursland.com\/ar\/wp-json\/wp\/v2\/product"}],"about":[{"href":"https:\/\/nounoursland.com\/ar\/wp-json\/wp\/v2\/types\/product"}],"version-history":[{"count":3,"href":"https:\/\/nounoursland.com\/ar\/wp-json\/wp\/v2\/product\/17120\/revisions"}],"predecessor-version":[{"id":17220,"href":"https:\/\/nounoursland.com\/ar\/wp-json\/wp\/v2\/product\/17120\/revisions\/17220"}],"wp:featuredmedia":[{"embeddable":true,"href":"https:\/\/nounoursland.com\/ar\/wp-json\/wp\/v2\/media\/17124"}],"wp:attachment":[{"href":"https:\/\/nounoursland.com\/ar\/wp-json\/wp\/v2\/media?parent=17120"}],"wp:term":[{"taxonomy":"product_brand","embeddable":true,"href":"https:\/\/nounoursland.com\/ar\/wp-json\/wp\/v2\/product_brand?post=17120"},{"taxonomy":"product_cat","embeddable":true,"href":"https:\/\/nounoursland.com\/ar\/wp-json\/wp\/v2\/product_cat?post=17120"},{"taxonomy":"product_tag","embeddable":true,"href":"https:\/\/nounoursland.com\/ar\/wp-json\/wp\/v2\/product_tag?post=17120"}],"curies":[{"name":"wp","href":"https:\/\/api.w.org\/{rel}","templated":true}]}}