{"id":17127,"date":"2024-09-24T00:14:23","date_gmt":"2024-09-23T23:14:23","guid":{"rendered":"https:\/\/nounoursland.com\/?post_type=product&#038;p=17127"},"modified":"2025-05-17T18:22:12","modified_gmt":"2025-05-17T17:22:12","slug":"la-loutre-calin-la-peluche-qui-respire-avec-lumiere-et-son-est-disponible%f0%9f%98%8d","status":"publish","type":"product","link":"https:\/\/nounoursland.com\/ar\/shop\/la-loutre-calin-la-peluche-qui-respire-avec-lumiere-et-son-est-disponible%f0%9f%98%8d\/","title":{"rendered":"Le Doudou Loutre qui respire PROMO"},"content":{"rendered":"<p><strong><span style=\"font-size: 18pt; font-family: georgia, palatino, serif; color: #333333;\">La douce compagnie qui \u00e9veille les sourires avec la Loutre Peluche<\/span><\/strong><\/p>\n<div class=\"adn ads\" data-message-id=\"#msg-f:1811029777663828344\" data-legacy-message-id=\"192211fccf4ea178\">\n<div class=\"gs\">\n<div class=\"\">\n<div id=\":24\" class=\"ii gt\">\n<div id=\":23\" class=\"a3s aiL\">\n<div>\n<p>Plongez dans un oc\u00e9an de tendresse avec notre adorable Loutre Peluche. Con\u00e7ue pour les moments c\u00e2lins et les jeux d\u2019\u00e9veil, cette peluche deviendra vite le compagnon pr\u00e9f\u00e9r\u00e9 de votre b\u00e9b\u00e9.\u00a0 les mouvements de respiration en rythme de cette adorable loutre en peluche apaisent et r\u00e9confortent Sa texture velours ultra-douce et sa couleur grise apportent r\u00e9confort et douceur, id\u00e9al pour les instants de d\u00e9tente et de complicit\u00e9.<\/p>\n<\/div>\n<div>\n<h2><span style=\"color: #333333;\">Caract\u00e9ristiques du Produit<\/span><\/h2>\n<p>Le doudou loutre aide toute personne avec : Stress, Probl\u00e9me de sommeil, Anxi\u00e9t\u00e9, Les chagrins, Les enfants qui ne peuvent pas dormir, Anxi\u00e9t\u00e9 de la s\u00e9paration<\/p>\n<\/div>\n<div class=\"adL\"><span style=\"color: #333333;\"><strong><span style=\"font-size: 24px;\">Disponibilit\u00e9 et Achat<\/span><\/strong><\/span><\/div>\n<\/div>\n<\/div>\n<\/div>\n<\/div>\n<\/div>\n<p>Disponible d\u00e8s maintenant chez Nounours Land, le doudou loutre est un cadeau id\u00e9al pour toutes les occasions. Ne manquez pas l&#8217;opportunit\u00e9 d&#8217;ajouter ce merveilleux article \u00e0 votre collection.<\/p>","protected":false},"excerpt":{"rendered":"<p style=\"text-align: center;\">La Loutre C\u00e2lin, La Peluche qui Respire Avec Lumi\u00e8re et Son \ud83d\ude0d<\/p>","protected":false},"featured_media":18088,"template":"","meta":[],"product_brand":[],"product_cat":[29],"product_tag":[],"class_list":{"0":"post-17127","1":"product","2":"type-product","3":"status-publish","4":"has-post-thumbnail","6":"product_cat-peluches","8":"first","9":"instock","10":"sale","11":"shipping-taxable","12":"purchasable","13":"product-type-variable"},"jetpack_sharing_enabled":true,"_links":{"self":[{"href":"https:\/\/nounoursland.com\/ar\/wp-json\/wp\/v2\/product\/17127","targetHints":{"allow":["GET"]}}],"collection":[{"href":"https:\/\/nounoursland.com\/ar\/wp-json\/wp\/v2\/product"}],"about":[{"href":"https:\/\/nounoursland.com\/ar\/wp-json\/wp\/v2\/types\/product"}],"version-history":[{"count":10,"href":"https:\/\/nounoursland.com\/ar\/wp-json\/wp\/v2\/product\/17127\/revisions"}],"predecessor-version":[{"id":18120,"href":"https:\/\/nounoursland.com\/ar\/wp-json\/wp\/v2\/product\/17127\/revisions\/18120"}],"wp:featuredmedia":[{"embeddable":true,"href":"https:\/\/nounoursland.com\/ar\/wp-json\/wp\/v2\/media\/18088"}],"wp:attachment":[{"href":"https:\/\/nounoursland.com\/ar\/wp-json\/wp\/v2\/media?parent=17127"}],"wp:term":[{"taxonomy":"product_brand","embeddable":true,"href":"https:\/\/nounoursland.com\/ar\/wp-json\/wp\/v2\/product_brand?post=17127"},{"taxonomy":"product_cat","embeddable":true,"href":"https:\/\/nounoursland.com\/ar\/wp-json\/wp\/v2\/product_cat?post=17127"},{"taxonomy":"product_tag","embeddable":true,"href":"https:\/\/nounoursland.com\/ar\/wp-json\/wp\/v2\/product_tag?post=17127"}],"curies":[{"name":"wp","href":"https:\/\/api.w.org\/{rel}","templated":true}]}}