{"id":17187,"date":"2024-09-24T23:05:00","date_gmt":"2024-09-24T22:05:00","guid":{"rendered":"https:\/\/nounoursland.com\/?post_type=product&#038;p=17187"},"modified":"2024-12-15T22:02:59","modified_gmt":"2024-12-15T21:02:59","slug":"decouvrez-le-nouveau-peluche-koala-qui-respire%f0%9f%98%8d","status":"publish","type":"product","link":"https:\/\/nounoursland.com\/ar\/shop\/decouvrez-le-nouveau-peluche-koala-qui-respire%f0%9f%98%8d\/","title":{"rendered":"D\u00e9couvrez Le Nouveau Peluche Koala Qui Respire\ud83d\ude0d"},"content":{"rendered":"<h2><span style=\"color: #333333\">Caract\u00e9ristiques du Produit<\/span><\/h2>\n<p>Le Petit Peluche Koala Qui Respire est le compagnon id\u00e9al pour les enfants et les adultes en qu\u00eate de nuits paisibles. <span style=\"font-family: georgia, palatino, serif\">Avec son mouvement respiratoire r\u00e9aliste et ses fonctionnalit\u00e9s personnalisables, il cr\u00e9e une ambiance relaxante et s\u00e9curisante. Adopter ce Koala en peluche qui respire est une exp\u00e9rience douce et apaisante pour enfants et adultes. \u00c9veille tes sens et d\u00e9tends-toi avec lui !<\/span><\/p>\n<p>&nbsp;<\/p>\n<div class=\"adn ads\" data-message-id=\"#msg-f:1811029777663828344\" data-legacy-message-id=\"192211fccf4ea178\">\n<div class=\"gs\">\n<div class=\"\">\n<div id=\":24\" class=\"ii gt\">\n<div id=\":23\" class=\"a3s aiL\">\n<div class=\"adL\"><span style=\"color: #333333\"><strong><span style=\"font-size: 24px\">Disponibilit\u00e9 et Achat<\/span><\/strong><\/span><\/div>\n<\/div>\n<\/div>\n<\/div>\n<\/div>\n<\/div>\n<p>Disponible d\u00e8s maintenant chez Nounours Land, le doudou Koala qui respire est un cadeau id\u00e9al pour toutes les occasions. Ne manquez pas l&#8217;opportunit\u00e9 d&#8217;ajouter ce merveilleux article \u00e0 votre collection.<\/p>","protected":false},"excerpt":{"rendered":"<h2 style=\"text-align: center\"><span style=\"font-family: 'comic sans ms', sans-serif;font-size: 24pt;color: #454343\">DOUDOU KOALA QUI RESPIRE<\/span><\/h2>","protected":false},"featured_media":17166,"template":"","meta":[],"product_brand":[],"product_cat":[29],"product_tag":[],"class_list":{"0":"post-17187","1":"product","2":"type-product","3":"status-publish","4":"has-post-thumbnail","6":"product_cat-peluches","8":"first","9":"instock","10":"shipping-taxable","11":"purchasable","12":"product-type-simple"},"jetpack_sharing_enabled":true,"_links":{"self":[{"href":"https:\/\/nounoursland.com\/ar\/wp-json\/wp\/v2\/product\/17187","targetHints":{"allow":["GET"]}}],"collection":[{"href":"https:\/\/nounoursland.com\/ar\/wp-json\/wp\/v2\/product"}],"about":[{"href":"https:\/\/nounoursland.com\/ar\/wp-json\/wp\/v2\/types\/product"}],"version-history":[{"count":3,"href":"https:\/\/nounoursland.com\/ar\/wp-json\/wp\/v2\/product\/17187\/revisions"}],"predecessor-version":[{"id":17841,"href":"https:\/\/nounoursland.com\/ar\/wp-json\/wp\/v2\/product\/17187\/revisions\/17841"}],"wp:featuredmedia":[{"embeddable":true,"href":"https:\/\/nounoursland.com\/ar\/wp-json\/wp\/v2\/media\/17166"}],"wp:attachment":[{"href":"https:\/\/nounoursland.com\/ar\/wp-json\/wp\/v2\/media?parent=17187"}],"wp:term":[{"taxonomy":"product_brand","embeddable":true,"href":"https:\/\/nounoursland.com\/ar\/wp-json\/wp\/v2\/product_brand?post=17187"},{"taxonomy":"product_cat","embeddable":true,"href":"https:\/\/nounoursland.com\/ar\/wp-json\/wp\/v2\/product_cat?post=17187"},{"taxonomy":"product_tag","embeddable":true,"href":"https:\/\/nounoursland.com\/ar\/wp-json\/wp\/v2\/product_tag?post=17187"}],"curies":[{"name":"wp","href":"https:\/\/api.w.org\/{rel}","templated":true}]}}