{"id":17405,"date":"2024-10-07T01:24:41","date_gmt":"2024-10-07T00:24:41","guid":{"rendered":"https:\/\/nounoursland.com\/?post_type=product&#038;p=17405"},"modified":"2025-04-15T04:09:45","modified_gmt":"2025-04-15T03:09:45","slug":"bouquet-de-fleurs-de-lapin-pour-femmes-et-filles","status":"publish","type":"product","link":"https:\/\/nounoursland.com\/ar\/shop\/bouquet-de-fleurs-de-lapin-pour-femmes-et-filles\/","title":{"rendered":"Bouquet de Fleurs de Lapin Pour Femmes et Filles"},"content":{"rendered":"<div class=\"adn ads\" data-message-id=\"#msg-f:1811029777663828344\" data-legacy-message-id=\"192211fccf4ea178\">\n<div class=\"gs\">\n<div class=\"\">\n<div id=\":24\" class=\"ii gt\">\n<div id=\":23\" class=\"a3s aiL\">\n<div class=\"adL\"><span style=\"color: #333333\"><strong><span style=\"font-size: 24px\">Disponibilit\u00e9 et Achat<\/span><\/strong><\/span><\/div>\n<\/div>\n<\/div>\n<\/div>\n<\/div>\n<\/div>\n<p>Disponible d\u00e8s maintenant chez Nounours Land, Ne manquez pas l&#8217;opportunit\u00e9 d&#8217;ajouter ce merveilleux article \u00e0 votre collection.<\/p>","protected":false},"excerpt":{"rendered":"<p>Disponibilit\u00e9 et Achat Disponible d\u00e8s maintenant chez Nounours Land, Ne manquez pas l&#8217;opportunit\u00e9 d&#8217;ajouter ce merveilleux article \u00e0 votre collection.<\/p>","protected":false},"featured_media":17410,"template":"","meta":[],"product_brand":[],"product_cat":[29],"product_tag":[],"class_list":{"0":"post-17405","1":"product","2":"type-product","3":"status-publish","4":"has-post-thumbnail","6":"product_cat-peluches","8":"first","9":"instock","10":"shipping-taxable","11":"purchasable","12":"product-type-simple"},"jetpack_sharing_enabled":true,"_links":{"self":[{"href":"https:\/\/nounoursland.com\/ar\/wp-json\/wp\/v2\/product\/17405","targetHints":{"allow":["GET"]}}],"collection":[{"href":"https:\/\/nounoursland.com\/ar\/wp-json\/wp\/v2\/product"}],"about":[{"href":"https:\/\/nounoursland.com\/ar\/wp-json\/wp\/v2\/types\/product"}],"version-history":[{"count":2,"href":"https:\/\/nounoursland.com\/ar\/wp-json\/wp\/v2\/product\/17405\/revisions"}],"predecessor-version":[{"id":18030,"href":"https:\/\/nounoursland.com\/ar\/wp-json\/wp\/v2\/product\/17405\/revisions\/18030"}],"wp:featuredmedia":[{"embeddable":true,"href":"https:\/\/nounoursland.com\/ar\/wp-json\/wp\/v2\/media\/17410"}],"wp:attachment":[{"href":"https:\/\/nounoursland.com\/ar\/wp-json\/wp\/v2\/media?parent=17405"}],"wp:term":[{"taxonomy":"product_brand","embeddable":true,"href":"https:\/\/nounoursland.com\/ar\/wp-json\/wp\/v2\/product_brand?post=17405"},{"taxonomy":"product_cat","embeddable":true,"href":"https:\/\/nounoursland.com\/ar\/wp-json\/wp\/v2\/product_cat?post=17405"},{"taxonomy":"product_tag","embeddable":true,"href":"https:\/\/nounoursland.com\/ar\/wp-json\/wp\/v2\/product_tag?post=17405"}],"curies":[{"name":"wp","href":"https:\/\/api.w.org\/{rel}","templated":true}]}}