{"id":16841,"date":"2024-09-21T19:48:39","date_gmt":"2024-09-21T18:48:39","guid":{"rendered":"https:\/\/nounoursland.com\/?post_type=product&#038;p=16841"},"modified":"2025-11-20T19:43:00","modified_gmt":"2025-11-20T18:43:00","slug":"decouvrez-lours-en-capuche-le-plus-viral%e2%9c%a8","status":"publish","type":"product","link":"https:\/\/nounoursland.com\/fr_fr\/shop\/decouvrez-lours-en-capuche-le-plus-viral%e2%9c%a8\/","title":{"rendered":"D\u00e9couvrez L&#8217;ours En Capuche bleu Le Plus viral\u2728"},"content":{"rendered":"<h2><span style=\"font-family: georgia, palatino, serif\">Disponibilit\u00e9 et Achat<\/span><\/h2>\n<p>Disponible d\u00e8s maintenant chez Nounours Land, L&#8217;ours en capuche est un cadeau id\u00e9al pour toutes les occasions. Ne manquez pas l&#8217;opportunit\u00e9 d&#8217;ajouter ce merveilleux article \u00e0 votre collection.<\/p>\n","protected":false},"excerpt":{"rendered":"<h2><span style=\"color: #000080\"><strong><span style=\"font-size: 24pt;font-family: 'comic sans ms', sans-serif\">OURS EN CAPUCHE BLEU<\/span><\/strong><\/span><\/h2>\n","protected":false},"featured_media":16846,"template":"","meta":[],"product_brand":[],"product_cat":[29],"product_tag":[],"class_list":{"0":"post-16841","1":"product","2":"type-product","3":"status-publish","4":"has-post-thumbnail","6":"product_cat-peluches","8":"first","9":"instock","10":"shipping-taxable","11":"purchasable","12":"product-type-variable"},"jetpack_sharing_enabled":true,"_links":{"self":[{"href":"https:\/\/nounoursland.com\/fr_fr\/wp-json\/wp\/v2\/product\/16841","targetHints":{"allow":["GET"]}}],"collection":[{"href":"https:\/\/nounoursland.com\/fr_fr\/wp-json\/wp\/v2\/product"}],"about":[{"href":"https:\/\/nounoursland.com\/fr_fr\/wp-json\/wp\/v2\/types\/product"}],"version-history":[{"count":9,"href":"https:\/\/nounoursland.com\/fr_fr\/wp-json\/wp\/v2\/product\/16841\/revisions"}],"predecessor-version":[{"id":19018,"href":"https:\/\/nounoursland.com\/fr_fr\/wp-json\/wp\/v2\/product\/16841\/revisions\/19018"}],"wp:featuredmedia":[{"embeddable":true,"href":"https:\/\/nounoursland.com\/fr_fr\/wp-json\/wp\/v2\/media\/16846"}],"wp:attachment":[{"href":"https:\/\/nounoursland.com\/fr_fr\/wp-json\/wp\/v2\/media?parent=16841"}],"wp:term":[{"taxonomy":"product_brand","embeddable":true,"href":"https:\/\/nounoursland.com\/fr_fr\/wp-json\/wp\/v2\/product_brand?post=16841"},{"taxonomy":"product_cat","embeddable":true,"href":"https:\/\/nounoursland.com\/fr_fr\/wp-json\/wp\/v2\/product_cat?post=16841"},{"taxonomy":"product_tag","embeddable":true,"href":"https:\/\/nounoursland.com\/fr_fr\/wp-json\/wp\/v2\/product_tag?post=16841"}],"curies":[{"name":"wp","href":"https:\/\/api.w.org\/{rel}","templated":true}]}}