{"id":16866,"date":"2024-09-21T22:01:53","date_gmt":"2024-09-21T21:01:53","guid":{"rendered":"https:\/\/nounoursland.com\/?post_type=product&#038;p=16866"},"modified":"2025-04-15T04:11:02","modified_gmt":"2025-04-15T03:11:02","slug":"decouvrez-lours-en-capuche-grenat%f0%9f%8e%81","status":"publish","type":"product","link":"https:\/\/nounoursland.com\/fr_fr\/shop\/decouvrez-lours-en-capuche-grenat%f0%9f%8e%81\/","title":{"rendered":"D\u00e9couvrez L&#8217;ours En Capuche Grenat\ud83c\udf81"},"content":{"rendered":"<h2><span style=\"font-family: georgia, palatino, serif;\">Disponibilit\u00e9 et Achat<\/span><\/h2>\n<p>Disponible d\u00e8s maintenant chez Nounours Land, L&#8217;ours en capuche est un cadeau id\u00e9al pour toutes les occasions. Ne manquez pas l&#8217;opportunit\u00e9 d&#8217;ajouter ce merveilleux article \u00e0 votre collection.<\/p>\n","protected":false},"excerpt":{"rendered":"<h2><span style=\"color: #b84646;\"><strong><span style=\"font-family: 'comic sans ms', sans-serif; font-size: 24pt;\">OURS EN CAPUCHE GRENAT<\/span><\/strong><\/span><\/h2>\n","protected":false},"featured_media":16845,"template":"","meta":[],"product_brand":[],"product_cat":[29],"product_tag":[],"class_list":{"0":"post-16866","1":"product","2":"type-product","3":"status-publish","4":"has-post-thumbnail","6":"product_cat-peluches","8":"first","9":"instock","10":"shipping-taxable","11":"purchasable","12":"product-type-variable"},"jetpack_sharing_enabled":true,"_links":{"self":[{"href":"https:\/\/nounoursland.com\/fr_fr\/wp-json\/wp\/v2\/product\/16866","targetHints":{"allow":["GET"]}}],"collection":[{"href":"https:\/\/nounoursland.com\/fr_fr\/wp-json\/wp\/v2\/product"}],"about":[{"href":"https:\/\/nounoursland.com\/fr_fr\/wp-json\/wp\/v2\/types\/product"}],"version-history":[{"count":3,"href":"https:\/\/nounoursland.com\/fr_fr\/wp-json\/wp\/v2\/product\/16866\/revisions"}],"predecessor-version":[{"id":17207,"href":"https:\/\/nounoursland.com\/fr_fr\/wp-json\/wp\/v2\/product\/16866\/revisions\/17207"}],"wp:featuredmedia":[{"embeddable":true,"href":"https:\/\/nounoursland.com\/fr_fr\/wp-json\/wp\/v2\/media\/16845"}],"wp:attachment":[{"href":"https:\/\/nounoursland.com\/fr_fr\/wp-json\/wp\/v2\/media?parent=16866"}],"wp:term":[{"taxonomy":"product_brand","embeddable":true,"href":"https:\/\/nounoursland.com\/fr_fr\/wp-json\/wp\/v2\/product_brand?post=16866"},{"taxonomy":"product_cat","embeddable":true,"href":"https:\/\/nounoursland.com\/fr_fr\/wp-json\/wp\/v2\/product_cat?post=16866"},{"taxonomy":"product_tag","embeddable":true,"href":"https:\/\/nounoursland.com\/fr_fr\/wp-json\/wp\/v2\/product_tag?post=16866"}],"curies":[{"name":"wp","href":"https:\/\/api.w.org\/{rel}","templated":true}]}}