{"id":16876,"date":"2024-09-21T23:20:41","date_gmt":"2024-09-21T22:20:41","guid":{"rendered":"https:\/\/nounoursland.com\/?post_type=product&#038;p=16876"},"modified":"2024-09-24T23:15:01","modified_gmt":"2024-09-24T22:15:01","slug":"peluche-en-ours-mignon-avec-capuche-panda","status":"publish","type":"product","link":"https:\/\/nounoursland.com\/fr_fr\/shop\/peluche-en-ours-mignon-avec-capuche-panda\/","title":{"rendered":"Peluche en Ours Mignon avec Capuche Panda"},"content":{"rendered":"<h2><span style=\"font-family: georgia, palatino, serif;\">Disponibilit\u00e9 et Achat<\/span><\/h2>\n<p>Disponible d\u00e8s maintenant chez Nounours Land, Panda en Ours est un cadeau id\u00e9al pour toutes les occasions. Ne manquez pas l&#8217;opportunit\u00e9 d&#8217;ajouter ce merveilleux article \u00e0 votre collection.<\/p>\n","protected":false},"excerpt":{"rendered":"<h2><span style=\"font-family: 'comic sans ms', sans-serif; font-size: 24pt; color: #635e5e;\">PELUCHE EN OURS CAPUCHE PANDA<\/span><\/h2>\n","protected":false},"featured_media":16877,"template":"","meta":[],"product_brand":[],"product_cat":[29],"product_tag":[],"class_list":{"0":"post-16876","1":"product","2":"type-product","3":"status-publish","4":"has-post-thumbnail","6":"product_cat-peluches","8":"first","9":"instock","10":"shipping-taxable","11":"purchasable","12":"product-type-variable"},"jetpack_sharing_enabled":true,"_links":{"self":[{"href":"https:\/\/nounoursland.com\/fr_fr\/wp-json\/wp\/v2\/product\/16876","targetHints":{"allow":["GET"]}}],"collection":[{"href":"https:\/\/nounoursland.com\/fr_fr\/wp-json\/wp\/v2\/product"}],"about":[{"href":"https:\/\/nounoursland.com\/fr_fr\/wp-json\/wp\/v2\/types\/product"}],"version-history":[{"count":2,"href":"https:\/\/nounoursland.com\/fr_fr\/wp-json\/wp\/v2\/product\/16876\/revisions"}],"predecessor-version":[{"id":17208,"href":"https:\/\/nounoursland.com\/fr_fr\/wp-json\/wp\/v2\/product\/16876\/revisions\/17208"}],"wp:featuredmedia":[{"embeddable":true,"href":"https:\/\/nounoursland.com\/fr_fr\/wp-json\/wp\/v2\/media\/16877"}],"wp:attachment":[{"href":"https:\/\/nounoursland.com\/fr_fr\/wp-json\/wp\/v2\/media?parent=16876"}],"wp:term":[{"taxonomy":"product_brand","embeddable":true,"href":"https:\/\/nounoursland.com\/fr_fr\/wp-json\/wp\/v2\/product_brand?post=16876"},{"taxonomy":"product_cat","embeddable":true,"href":"https:\/\/nounoursland.com\/fr_fr\/wp-json\/wp\/v2\/product_cat?post=16876"},{"taxonomy":"product_tag","embeddable":true,"href":"https:\/\/nounoursland.com\/fr_fr\/wp-json\/wp\/v2\/product_tag?post=16876"}],"curies":[{"name":"wp","href":"https:\/\/api.w.org\/{rel}","templated":true}]}}