{"id":16913,"date":"2024-09-22T00:57:35","date_gmt":"2024-09-21T23:57:35","guid":{"rendered":"https:\/\/nounoursland.com\/?post_type=product&#038;p=16913"},"modified":"2024-09-24T23:18:02","modified_gmt":"2024-09-24T22:18:02","slug":"panda-en-peluche-bambou","status":"publish","type":"product","link":"https:\/\/nounoursland.com\/fr_fr\/shop\/panda-en-peluche-bambou\/","title":{"rendered":"Panda en Peluche Bambou"},"content":{"rendered":"<h2><span style=\"font-family: georgia, palatino, serif;\">Disponibilit\u00e9 et Achat<\/span><\/h2>\n<p>Disponible d\u00e8s maintenant chez Nounours Land, Panda en peluche Bambou est un cadeau id\u00e9al pour toutes les occasions. Ne manquez pas l&#8217;opportunit\u00e9 d&#8217;ajouter ce merveilleux article \u00e0 votre collection.<\/p>\n","protected":false},"excerpt":{"rendered":"<p>Disponibilit\u00e9 et Achat Disponible d\u00e8s maintenant chez Nounours Land, Panda en peluche Bambou est un cadeau id\u00e9al pour toutes les<\/p>\n","protected":false},"featured_media":16914,"template":"","meta":[],"product_brand":[],"product_cat":[29],"product_tag":[],"class_list":{"0":"post-16913","1":"product","2":"type-product","3":"status-publish","4":"has-post-thumbnail","6":"product_cat-peluches","8":"first","9":"instock","10":"shipping-taxable","11":"purchasable","12":"product-type-variable"},"jetpack_sharing_enabled":true,"_links":{"self":[{"href":"https:\/\/nounoursland.com\/fr_fr\/wp-json\/wp\/v2\/product\/16913","targetHints":{"allow":["GET"]}}],"collection":[{"href":"https:\/\/nounoursland.com\/fr_fr\/wp-json\/wp\/v2\/product"}],"about":[{"href":"https:\/\/nounoursland.com\/fr_fr\/wp-json\/wp\/v2\/types\/product"}],"version-history":[{"count":3,"href":"https:\/\/nounoursland.com\/fr_fr\/wp-json\/wp\/v2\/product\/16913\/revisions"}],"predecessor-version":[{"id":17213,"href":"https:\/\/nounoursland.com\/fr_fr\/wp-json\/wp\/v2\/product\/16913\/revisions\/17213"}],"wp:featuredmedia":[{"embeddable":true,"href":"https:\/\/nounoursland.com\/fr_fr\/wp-json\/wp\/v2\/media\/16914"}],"wp:attachment":[{"href":"https:\/\/nounoursland.com\/fr_fr\/wp-json\/wp\/v2\/media?parent=16913"}],"wp:term":[{"taxonomy":"product_brand","embeddable":true,"href":"https:\/\/nounoursland.com\/fr_fr\/wp-json\/wp\/v2\/product_brand?post=16913"},{"taxonomy":"product_cat","embeddable":true,"href":"https:\/\/nounoursland.com\/fr_fr\/wp-json\/wp\/v2\/product_cat?post=16913"},{"taxonomy":"product_tag","embeddable":true,"href":"https:\/\/nounoursland.com\/fr_fr\/wp-json\/wp\/v2\/product_tag?post=16913"}],"curies":[{"name":"wp","href":"https:\/\/api.w.org\/{rel}","templated":true}]}}