{"id":17073,"date":"2024-09-23T16:30:25","date_gmt":"2024-09-23T15:30:25","guid":{"rendered":"https:\/\/nounoursland.com\/?post_type=product&#038;p=17073"},"modified":"2024-09-24T23:29:03","modified_gmt":"2024-09-24T22:29:03","slug":"peluche-garfield-pour-enfants","status":"publish","type":"product","link":"https:\/\/nounoursland.com\/fr_fr\/shop\/peluche-garfield-pour-enfants\/","title":{"rendered":"Peluche Garfield Pour Enfants"},"content":{"rendered":"<h2><span style=\"font-family: georgia, palatino, serif;\">Disponibilit\u00e9 et Achat<\/span><\/h2>\n<p>Disponible d\u00e8s maintenant chez Nounours Land, Le peluche Garfield est un cadeau id\u00e9al pour toutes les occasions. Ne manquez pas l&#8217;opportunit\u00e9 d&#8217;ajouter ce merveilleux article \u00e0 votre collection.<\/p>\n","protected":false},"excerpt":{"rendered":"<h2 style=\"text-align: center;\"><span style=\"font-family: 'comic sans ms', sans-serif; font-size: 24pt; color: #4d4b4b;\">PELUCHE GARFIELD<\/span><\/h2>\n","protected":false},"featured_media":17083,"template":"","meta":[],"product_brand":[],"product_cat":[29],"product_tag":[],"class_list":{"0":"post-17073","1":"product","2":"type-product","3":"status-publish","4":"has-post-thumbnail","6":"product_cat-peluches","8":"first","9":"outofstock","10":"shipping-taxable","11":"purchasable","12":"product-type-variable"},"jetpack_sharing_enabled":true,"_links":{"self":[{"href":"https:\/\/nounoursland.com\/fr_fr\/wp-json\/wp\/v2\/product\/17073","targetHints":{"allow":["GET"]}}],"collection":[{"href":"https:\/\/nounoursland.com\/fr_fr\/wp-json\/wp\/v2\/product"}],"about":[{"href":"https:\/\/nounoursland.com\/fr_fr\/wp-json\/wp\/v2\/types\/product"}],"version-history":[{"count":5,"href":"https:\/\/nounoursland.com\/fr_fr\/wp-json\/wp\/v2\/product\/17073\/revisions"}],"predecessor-version":[{"id":17218,"href":"https:\/\/nounoursland.com\/fr_fr\/wp-json\/wp\/v2\/product\/17073\/revisions\/17218"}],"wp:featuredmedia":[{"embeddable":true,"href":"https:\/\/nounoursland.com\/fr_fr\/wp-json\/wp\/v2\/media\/17083"}],"wp:attachment":[{"href":"https:\/\/nounoursland.com\/fr_fr\/wp-json\/wp\/v2\/media?parent=17073"}],"wp:term":[{"taxonomy":"product_brand","embeddable":true,"href":"https:\/\/nounoursland.com\/fr_fr\/wp-json\/wp\/v2\/product_brand?post=17073"},{"taxonomy":"product_cat","embeddable":true,"href":"https:\/\/nounoursland.com\/fr_fr\/wp-json\/wp\/v2\/product_cat?post=17073"},{"taxonomy":"product_tag","embeddable":true,"href":"https:\/\/nounoursland.com\/fr_fr\/wp-json\/wp\/v2\/product_tag?post=17073"}],"curies":[{"name":"wp","href":"https:\/\/api.w.org\/{rel}","templated":true}]}}