{"id":17184,"date":"2024-09-24T21:46:14","date_gmt":"2024-09-24T20:46:14","guid":{"rendered":"https:\/\/nounoursland.com\/?post_type=product&#038;p=17184"},"modified":"2024-12-10T16:20:20","modified_gmt":"2024-12-10T15:20:20","slug":"decouvrez-la-nouveau-peluche-stitch-qui-respire-%f0%9f%98%8d","status":"publish","type":"product","link":"https:\/\/nounoursland.com\/fr_fr\/shop\/decouvrez-la-nouveau-peluche-stitch-qui-respire-%f0%9f%98%8d\/","title":{"rendered":"D\u00e9couvrez Le Nouveau Peluche Stitch Qui Respire \ud83d\ude0d"},"content":{"rendered":"<h2><span style=\"color: #333333\">Caract\u00e9ristiques du Produit<\/span><\/h2>\n<p>cette peluche Stitch au rythme cardiaque calmera et r\u00e9confortera votre b\u00e9b\u00e9 que ce soit \u00e0 la maison ou en d\u00e9placement. Avec sa musique et ses sons apaisants, ses mati\u00e8res extra douces et ses mouvements respiratoires rythm\u00e9s, il assure d\u00e9tente et bien-\u00eatre. Avec son adorable design de loutre, cette veilleuse convient aussi bien comme cadeau de naissance pour fille que pour gar\u00e7on.<\/p>\n<div class=\"adn ads\" data-message-id=\"#msg-f:1811029777663828344\" data-legacy-message-id=\"192211fccf4ea178\">\n<div class=\"gs\">\n<div class=\"\">\n<div id=\":24\" class=\"ii gt\">\n<div id=\":23\" class=\"a3s aiL \">\n<div class=\"adL\"><span style=\"color: #333333\"><strong><span style=\"font-size: 24px\">Disponibilit\u00e9 et Achat<\/span><\/strong><\/span><\/div>\n<\/div>\n<\/div>\n<\/div>\n<\/div>\n<\/div>\n<p>Disponible d\u00e8s maintenant chez Nounours Land, le doudou Stitch qui respire est un cadeau id\u00e9al pour toutes les occasions. Ne manquez pas l&#8217;opportunit\u00e9 d&#8217;ajouter ce merveilleux article \u00e0 votre collection.<\/p>\n","protected":false},"excerpt":{"rendered":"<h2 style=\"text-align: center\"><span style=\"font-family: 'comic sans ms', sans-serif;font-size: 24pt;color: #575151\"><strong>DOUDOU STITCH QUI RESPIRE<\/strong><\/span><\/h2>\n","protected":false},"featured_media":17167,"template":"","meta":[],"product_brand":[],"product_cat":[29],"product_tag":[],"class_list":{"0":"post-17184","1":"product","2":"type-product","3":"status-publish","4":"has-post-thumbnail","6":"product_cat-peluches","8":"first","9":"instock","10":"shipping-taxable","11":"purchasable","12":"product-type-simple"},"jetpack_sharing_enabled":true,"_links":{"self":[{"href":"https:\/\/nounoursland.com\/fr_fr\/wp-json\/wp\/v2\/product\/17184","targetHints":{"allow":["GET"]}}],"collection":[{"href":"https:\/\/nounoursland.com\/fr_fr\/wp-json\/wp\/v2\/product"}],"about":[{"href":"https:\/\/nounoursland.com\/fr_fr\/wp-json\/wp\/v2\/types\/product"}],"version-history":[{"count":4,"href":"https:\/\/nounoursland.com\/fr_fr\/wp-json\/wp\/v2\/product\/17184\/revisions"}],"predecessor-version":[{"id":17833,"href":"https:\/\/nounoursland.com\/fr_fr\/wp-json\/wp\/v2\/product\/17184\/revisions\/17833"}],"wp:featuredmedia":[{"embeddable":true,"href":"https:\/\/nounoursland.com\/fr_fr\/wp-json\/wp\/v2\/media\/17167"}],"wp:attachment":[{"href":"https:\/\/nounoursland.com\/fr_fr\/wp-json\/wp\/v2\/media?parent=17184"}],"wp:term":[{"taxonomy":"product_brand","embeddable":true,"href":"https:\/\/nounoursland.com\/fr_fr\/wp-json\/wp\/v2\/product_brand?post=17184"},{"taxonomy":"product_cat","embeddable":true,"href":"https:\/\/nounoursland.com\/fr_fr\/wp-json\/wp\/v2\/product_cat?post=17184"},{"taxonomy":"product_tag","embeddable":true,"href":"https:\/\/nounoursland.com\/fr_fr\/wp-json\/wp\/v2\/product_tag?post=17184"}],"curies":[{"name":"wp","href":"https:\/\/api.w.org\/{rel}","templated":true}]}}