{"id":17359,"date":"2024-10-06T20:31:40","date_gmt":"2024-10-06T19:31:40","guid":{"rendered":"https:\/\/nounoursland.com\/?post_type=product&#038;p=17359"},"modified":"2024-11-02T02:16:16","modified_gmt":"2024-11-02T01:16:16","slug":"le-nouveau-sanrio-my-melody-kuromi-transformed-shark-%f0%9f%a9%b5-%f0%9f%a6%88","status":"publish","type":"product","link":"https:\/\/nounoursland.com\/fr_fr\/shop\/le-nouveau-sanrio-my-melody-kuromi-transformed-shark-%f0%9f%a9%b5-%f0%9f%a6%88\/","title":{"rendered":"Le Nouveau My Melody et Kuromi Transformed Shark \ud83e\ude75 \ud83e\udd88"},"content":{"rendered":"<div class=\"adn ads\" data-message-id=\"#msg-f:1811029777663828344\" data-legacy-message-id=\"192211fccf4ea178\">\n<div class=\"gs\">\n<div class=\"\">\n<div id=\":24\" class=\"ii gt\">\n<div id=\":23\" class=\"a3s aiL \">\n<div class=\"adL\"><span style=\"color: #333333;\"><strong><span style=\"font-size: 24px;\">Disponibilit\u00e9 et Achat<\/span><\/strong><\/span><\/div>\n<\/div>\n<\/div>\n<\/div>\n<\/div>\n<\/div>\n<p>Disponible d\u00e8s maintenant chez Nounours Land, le <span style=\"font-family: georgia, palatino, serif;\">peluche Melody et kuromi transform\u00e9 en\u00a0 requin <\/span>est un cadeau id\u00e9al pour toutes les occasions. Ne manquez pas l&#8217;opportunit\u00e9 d&#8217;ajouter ce merveilleux article \u00e0 votre collection.<\/p>\n","protected":false},"excerpt":{"rendered":"<h2 style=\"text-align: center;\"><span style=\"font-family: 'comic sans ms', sans-serif; font-size: 24pt; color: #423e3e;\">MY MELODY ET KUROMI<\/span><\/h2>\n","protected":false},"featured_media":17522,"template":"","meta":[],"product_brand":[],"product_cat":[29],"product_tag":[],"class_list":{"0":"post-17359","1":"product","2":"type-product","3":"status-publish","4":"has-post-thumbnail","6":"product_cat-peluches","8":"first","9":"instock","10":"shipping-taxable","11":"purchasable","12":"product-type-variable"},"jetpack_sharing_enabled":true,"_links":{"self":[{"href":"https:\/\/nounoursland.com\/fr_fr\/wp-json\/wp\/v2\/product\/17359","targetHints":{"allow":["GET"]}}],"collection":[{"href":"https:\/\/nounoursland.com\/fr_fr\/wp-json\/wp\/v2\/product"}],"about":[{"href":"https:\/\/nounoursland.com\/fr_fr\/wp-json\/wp\/v2\/types\/product"}],"version-history":[{"count":3,"href":"https:\/\/nounoursland.com\/fr_fr\/wp-json\/wp\/v2\/product\/17359\/revisions"}],"predecessor-version":[{"id":17528,"href":"https:\/\/nounoursland.com\/fr_fr\/wp-json\/wp\/v2\/product\/17359\/revisions\/17528"}],"wp:featuredmedia":[{"embeddable":true,"href":"https:\/\/nounoursland.com\/fr_fr\/wp-json\/wp\/v2\/media\/17522"}],"wp:attachment":[{"href":"https:\/\/nounoursland.com\/fr_fr\/wp-json\/wp\/v2\/media?parent=17359"}],"wp:term":[{"taxonomy":"product_brand","embeddable":true,"href":"https:\/\/nounoursland.com\/fr_fr\/wp-json\/wp\/v2\/product_brand?post=17359"},{"taxonomy":"product_cat","embeddable":true,"href":"https:\/\/nounoursland.com\/fr_fr\/wp-json\/wp\/v2\/product_cat?post=17359"},{"taxonomy":"product_tag","embeddable":true,"href":"https:\/\/nounoursland.com\/fr_fr\/wp-json\/wp\/v2\/product_tag?post=17359"}],"curies":[{"name":"wp","href":"https:\/\/api.w.org\/{rel}","templated":true}]}}