{"id":17621,"date":"2024-11-05T17:47:04","date_gmt":"2024-11-05T16:47:04","guid":{"rendered":"https:\/\/nounoursland.com\/?post_type=product&#038;p=17621"},"modified":"2025-01-08T00:40:04","modified_gmt":"2025-01-07T23:40:04","slug":"teddy-bear-avec-t-shirt","status":"publish","type":"product","link":"https:\/\/nounoursland.com\/fr_fr\/shop\/teddy-bear-avec-t-shirt\/","title":{"rendered":"Teddy Bear avec T-shirt"},"content":{"rendered":"<div class=\"adn ads\" data-message-id=\"#msg-f:1811029777663828344\" data-legacy-message-id=\"192211fccf4ea178\">\n<div class=\"gs\">\n<div class=\"\">\n<div id=\":24\" class=\"ii gt\">\n<div id=\":23\" class=\"a3s aiL \">\n<div class=\"adL\"><span style=\"color: #333333;\"><strong><span style=\"font-size: 24px;\">Disponibilit\u00e9 et Achat<\/span><\/strong><\/span><\/div>\n<\/div>\n<\/div>\n<\/div>\n<\/div>\n<\/div>\n<p>Disponible d\u00e8s maintenant chez Nounours Land, la collection des Teddy bear<span style=\"font-family: georgia, palatino, serif;\">\u00a0\u00a0<\/span>est un cadeau id\u00e9al pour toutes les occasions. Ne manquez pas l&#8217;opportunit\u00e9 d&#8217;ajouter ce merveilleux article \u00e0 votre collection.<\/p>\n","protected":false},"excerpt":{"rendered":"<p>Disponibilit\u00e9 et Achat Disponible d\u00e8s maintenant chez Nounours Land, la collection des Teddy bear\u00a0\u00a0est un cadeau id\u00e9al pour toutes les<\/p>\n","protected":false},"featured_media":17607,"template":"","meta":[],"product_brand":[],"product_cat":[33],"product_tag":[],"class_list":{"0":"post-17621","1":"product","2":"type-product","3":"status-publish","4":"has-post-thumbnail","6":"product_cat-teddy-bear","8":"first","9":"outofstock","10":"shipping-taxable","11":"purchasable","12":"product-type-variable"},"jetpack_sharing_enabled":true,"_links":{"self":[{"href":"https:\/\/nounoursland.com\/fr_fr\/wp-json\/wp\/v2\/product\/17621","targetHints":{"allow":["GET"]}}],"collection":[{"href":"https:\/\/nounoursland.com\/fr_fr\/wp-json\/wp\/v2\/product"}],"about":[{"href":"https:\/\/nounoursland.com\/fr_fr\/wp-json\/wp\/v2\/types\/product"}],"version-history":[{"count":2,"href":"https:\/\/nounoursland.com\/fr_fr\/wp-json\/wp\/v2\/product\/17621\/revisions"}],"predecessor-version":[{"id":17923,"href":"https:\/\/nounoursland.com\/fr_fr\/wp-json\/wp\/v2\/product\/17621\/revisions\/17923"}],"wp:featuredmedia":[{"embeddable":true,"href":"https:\/\/nounoursland.com\/fr_fr\/wp-json\/wp\/v2\/media\/17607"}],"wp:attachment":[{"href":"https:\/\/nounoursland.com\/fr_fr\/wp-json\/wp\/v2\/media?parent=17621"}],"wp:term":[{"taxonomy":"product_brand","embeddable":true,"href":"https:\/\/nounoursland.com\/fr_fr\/wp-json\/wp\/v2\/product_brand?post=17621"},{"taxonomy":"product_cat","embeddable":true,"href":"https:\/\/nounoursland.com\/fr_fr\/wp-json\/wp\/v2\/product_cat?post=17621"},{"taxonomy":"product_tag","embeddable":true,"href":"https:\/\/nounoursland.com\/fr_fr\/wp-json\/wp\/v2\/product_tag?post=17621"}],"curies":[{"name":"wp","href":"https:\/\/api.w.org\/{rel}","templated":true}]}}