{"id":17695,"date":"2024-11-09T01:47:36","date_gmt":"2024-11-09T00:47:36","guid":{"rendered":"https:\/\/nounoursland.com\/?post_type=product&#038;p=17695"},"modified":"2025-05-17T20:30:19","modified_gmt":"2025-05-17T19:30:19","slug":"ours-en-peluche-just-for-you-avec-fleur","status":"publish","type":"product","link":"https:\/\/nounoursland.com\/fr_fr\/shop\/ours-en-peluche-just-for-you-avec-fleur\/","title":{"rendered":"Ours en peluche Just For You avec fleur"},"content":{"rendered":"<div class=\"adn ads\" data-message-id=\"#msg-f:1811029777663828344\" data-legacy-message-id=\"192211fccf4ea178\">\n<div class=\"gs\">\n<div class=\"\">\n<div id=\":24\" class=\"ii gt\">\n<div id=\":23\" class=\"a3s aiL \">\n<div class=\"adL\"><span style=\"color: #333333;\"><strong><span style=\"font-size: 24px;\">Disponibilit\u00e9 et Achat<\/span><\/strong><\/span><\/div>\n<\/div>\n<\/div>\n<\/div>\n<\/div>\n<\/div>\n<p>Disponible d\u00e8s maintenant chez Nounours Land, l&#8217;ours en peluche est un cadeau id\u00e9al pour toutes les occasions. Ne manquez pas l&#8217;opportunit\u00e9 d&#8217;ajouter ce merveilleux article \u00e0 votre collection.<\/p>\n","protected":false},"excerpt":{"rendered":"<p>Disponibilit\u00e9 et Achat Disponible d\u00e8s maintenant chez Nounours Land, l&#8217;ours en peluche est un cadeau id\u00e9al pour toutes les occasions.<\/p>\n","protected":false},"featured_media":17702,"template":"","meta":[],"product_brand":[],"product_cat":[29],"product_tag":[],"class_list":{"0":"post-17695","1":"product","2":"type-product","3":"status-publish","4":"has-post-thumbnail","6":"product_cat-peluches","8":"first","9":"outofstock","10":"shipping-taxable","11":"purchasable","12":"product-type-variable"},"jetpack_sharing_enabled":true,"_links":{"self":[{"href":"https:\/\/nounoursland.com\/fr_fr\/wp-json\/wp\/v2\/product\/17695","targetHints":{"allow":["GET"]}}],"collection":[{"href":"https:\/\/nounoursland.com\/fr_fr\/wp-json\/wp\/v2\/product"}],"about":[{"href":"https:\/\/nounoursland.com\/fr_fr\/wp-json\/wp\/v2\/types\/product"}],"version-history":[{"count":1,"href":"https:\/\/nounoursland.com\/fr_fr\/wp-json\/wp\/v2\/product\/17695\/revisions"}],"predecessor-version":[{"id":17713,"href":"https:\/\/nounoursland.com\/fr_fr\/wp-json\/wp\/v2\/product\/17695\/revisions\/17713"}],"wp:featuredmedia":[{"embeddable":true,"href":"https:\/\/nounoursland.com\/fr_fr\/wp-json\/wp\/v2\/media\/17702"}],"wp:attachment":[{"href":"https:\/\/nounoursland.com\/fr_fr\/wp-json\/wp\/v2\/media?parent=17695"}],"wp:term":[{"taxonomy":"product_brand","embeddable":true,"href":"https:\/\/nounoursland.com\/fr_fr\/wp-json\/wp\/v2\/product_brand?post=17695"},{"taxonomy":"product_cat","embeddable":true,"href":"https:\/\/nounoursland.com\/fr_fr\/wp-json\/wp\/v2\/product_cat?post=17695"},{"taxonomy":"product_tag","embeddable":true,"href":"https:\/\/nounoursland.com\/fr_fr\/wp-json\/wp\/v2\/product_tag?post=17695"}],"curies":[{"name":"wp","href":"https:\/\/api.w.org\/{rel}","templated":true}]}}