{"id":17891,"date":"2025-01-08T00:18:48","date_gmt":"2025-01-07T23:18:48","guid":{"rendered":"https:\/\/nounoursland.com\/?post_type=product&#038;p=17891"},"modified":"2026-01-09T17:51:40","modified_gmt":"2026-01-09T16:51:40","slug":"bouillotte-stitch-et-angel-anti-douleurs","status":"publish","type":"product","link":"https:\/\/nounoursland.com\/fr_fr\/shop\/bouillotte-stitch-et-angel-anti-douleurs\/","title":{"rendered":"Stitch et Angel Bouillotte PROMO!"},"content":{"rendered":"<p style=\"text-align: right;\"><strong><span style=\"font-family: 'comic sans ms', sans-serif; font-size: 14pt;\">Le compagnon\u00a0adorable\u00a0qui soulage vos\u00a0douleurs\u00a0en\u00a0douceur\u00a0<\/span><\/strong><\/p>\n<div>\n<p><span style=\"font-family: georgia, palatino, serif;\">Nous savons \u00e0 quel point les douleurs menstruelles peuvent \u00eatre\u00a0difficiles \u00e0 g\u00e9rer. C&#8217;est pourquoi nous avons cr\u00e9\u00e9 cette bouillotte Stitch, con\u00e7ue sp\u00e9cialement pour\u00a0soulager les douleurs\u00a0et apporter un\u00a0r\u00e9confort imm\u00e9diat.<\/span><\/p>\n<h2><span style=\"font-family: 'comic sans ms', sans-serif; font-size: 14pt;\">Un R\u00e9confort Doux pour Soulager Vos Douleurs<\/span><\/h2>\n<div>\n<p>Soulagez vos crampes\u00a0menstruelles avec une chaleur\u00a0apaisante\u00a0qui vous enveloppe de\u00a0douceur. Parce que chaque jour devrait \u00eatre une journ\u00e9e de\u00a0bien-\u00eatre.<\/p>\n<div class=\"adn ads\" data-message-id=\"#msg-f:1820632248406722611\" data-legacy-message-id=\"19442f6240e74833\">\n<div class=\"gs\">\n<div class=\"\">\n<div id=\":w2\" class=\"ii gt\">\n<div id=\":xl\" class=\"a3s aiL \">\n<div>\n<h2><strong><span style=\"font-family: 'comic sans ms', sans-serif; font-size: 14pt;\">Chaleur Instantan\u00e9e, Confort Imm\u00e9diat<\/span><\/strong><\/h2>\n<div>\n<p>Profitez d&#8217;une chaleur\u00a0rapide et efficace\u00a0qui\u00a0apaise vos douleurs\u00a0en un clin d&#8217;\u0153il et pour\u00a0plusieurs heures. Stitch est l\u00e0 pour vous\u00a0r\u00e9chauffer quand vous en avez le plus besoin .<\/p>\n<div class=\"adn ads\" data-message-id=\"#msg-f:1820632266618421830\" data-legacy-message-id=\"19442f667e67c246\">\n<div class=\"gs\">\n<div class=\"\">\n<div id=\":2w\" class=\"ii gt\">\n<div id=\":xu\" class=\"a3s aiL \">\n<div>\n<h2><strong><span style=\"font-family: 'comic sans ms', sans-serif; font-size: 14pt;\">Qualit\u00e9 et Tendresse au Rendez-Vous<\/span><\/strong><\/h2>\n<div>\n<p>Fabriqu\u00e9e avec des mat\u00e9riaux de\u00a0premi\u00e8re qualit\u00e9, notre bouillotte Stitch est\u00a0douce\u00a0au toucher et con\u00e7ue\u00a0pour durer. Parce que vous m\u00e9ritez le meilleur pour votre\u00a0confort.<\/p>\n<\/div>\n<\/div>\n<div class=\"yj6qo\"><\/div>\n<div class=\"adL\"><\/div>\n<\/div>\n<\/div>\n<div class=\"WhmR8e\" data-hash=\"0\"><\/div>\n<\/div>\n<\/div>\n<div class=\"ajx\"><\/div>\n<\/div>\n<div class=\"gA gt acV\">\n<div class=\"gB xu\">\n<div class=\"ip iq\">\n<div id=\":2t\">\n<table class=\"cf wS\" style=\"width: 0.736196%; height: 5px;\" role=\"presentation\">\n<tbody>\n<tr>\n<td class=\"amq\"><\/td>\n<td class=\"amr\"><\/td>\n<\/tr>\n<\/tbody>\n<\/table>\n<\/div>\n<\/div>\n<\/div>\n<\/div>\n<\/div>\n<\/div>\n<div class=\"yj6qo\"><\/div>\n<div class=\"adL\"><\/div>\n<\/div>\n<\/div>\n<div class=\"WhmR8e\" data-hash=\"0\"><\/div>\n<\/div>\n<\/div>\n<div class=\"ajx\"><\/div>\n<\/div>\n<div class=\"gA gt acV\">\n<div class=\"gB xu\">\n<div class=\"ip iq\">\n<div id=\":w3\">\n<table class=\"cf wS\" style=\"width: 10.0136%; height: 5px;\" role=\"presentation\">\n<tbody>\n<tr>\n<td class=\"amq\" style=\"width: 47.549%;\"><\/td>\n<td class=\"amr\" style=\"width: 49.0196%;\"><\/td>\n<\/tr>\n<\/tbody>\n<\/table>\n<\/div>\n<\/div>\n<\/div>\n<\/div>\n<\/div>\n<\/div>\n","protected":false},"excerpt":{"rendered":"<p style=\"text-align: center;\"><span style=\"font-family: 'times new roman', times, serif;\">Stitch bouillotte pour\u00a0apaiser vos douleurs \ud83e\ude78\u2728<\/span><\/p>\n","protected":false},"featured_media":18690,"template":"","meta":[],"product_brand":[],"product_cat":[21,29],"product_tag":[],"class_list":{"0":"post-17891","1":"product","2":"type-product","3":"status-publish","4":"has-post-thumbnail","6":"product_cat-accessoires","7":"product_cat-peluches","9":"first","10":"instock","11":"sale","12":"shipping-taxable","13":"purchasable","14":"product-type-variable"},"jetpack_sharing_enabled":true,"_links":{"self":[{"href":"https:\/\/nounoursland.com\/fr_fr\/wp-json\/wp\/v2\/product\/17891","targetHints":{"allow":["GET"]}}],"collection":[{"href":"https:\/\/nounoursland.com\/fr_fr\/wp-json\/wp\/v2\/product"}],"about":[{"href":"https:\/\/nounoursland.com\/fr_fr\/wp-json\/wp\/v2\/types\/product"}],"version-history":[{"count":8,"href":"https:\/\/nounoursland.com\/fr_fr\/wp-json\/wp\/v2\/product\/17891\/revisions"}],"predecessor-version":[{"id":18063,"href":"https:\/\/nounoursland.com\/fr_fr\/wp-json\/wp\/v2\/product\/17891\/revisions\/18063"}],"wp:featuredmedia":[{"embeddable":true,"href":"https:\/\/nounoursland.com\/fr_fr\/wp-json\/wp\/v2\/media\/18690"}],"wp:attachment":[{"href":"https:\/\/nounoursland.com\/fr_fr\/wp-json\/wp\/v2\/media?parent=17891"}],"wp:term":[{"taxonomy":"product_brand","embeddable":true,"href":"https:\/\/nounoursland.com\/fr_fr\/wp-json\/wp\/v2\/product_brand?post=17891"},{"taxonomy":"product_cat","embeddable":true,"href":"https:\/\/nounoursland.com\/fr_fr\/wp-json\/wp\/v2\/product_cat?post=17891"},{"taxonomy":"product_tag","embeddable":true,"href":"https:\/\/nounoursland.com\/fr_fr\/wp-json\/wp\/v2\/product_tag?post=17891"}],"curies":[{"name":"wp","href":"https:\/\/api.w.org\/{rel}","templated":true}]}}