{"id":18223,"date":"2025-06-23T22:23:38","date_gmt":"2025-06-23T21:23:38","guid":{"rendered":"https:\/\/nounoursland.com\/?post_type=product&#038;p=18223"},"modified":"2025-07-03T20:11:04","modified_gmt":"2025-07-03T19:11:04","slug":"pop-mart-labubu-the-monsters-macarons","status":"publish","type":"product","link":"https:\/\/nounoursland.com\/fr_fr\/shop\/pop-mart-labubu-the-monsters-macarons\/","title":{"rendered":"Pop Mart Labubu Exciting Macaron (Blind Box)"},"content":{"rendered":"<div class=\"MessageList custom-scroll no-avatars with-default-bg scrolled\" data-normal-height=\"467\">\n<div class=\"messages-container\">\n<div class=\"message-date-group\">\n<div id=\"message-17654\" class=\"shown open Message message-list-item first-in-group allow-selection last-in-group last-in-list own has-menu-open is-just-added no-action-button\" data-message-id=\"17654\">\n<div class=\"message-content-wrapper can-select-text\">\n<div class=\"message-content peer-color-count-1 text has-shadow has-solid-background has-appendix has-footer\" dir=\"auto\">\n<div class=\"content-inner\" dir=\"auto\">\n<div dir=\"auto\"><strong>PopMart Labubu les Monstres:<\/strong><\/div>\n<div class=\"text-content clearfix with-meta with-outgoing-icon\" dir=\"auto\">\n<p>Un petit monstre qui charme, divertit et fait chavirer les c\u0153urs \u2014 dans chaque d\u00e9tail !<\/p>\n<p>Pr\u00e9parez-vous \u00e0 rencontrer l&#8217;art du jouet qui d\u00e9borde de charisme ! Le <strong class=\"\" data-entity-type=\"MessageEntityBold\">Lisa Seme Heart Macarrr<\/strong>\u00a0de la collection <strong data-entity-type=\"MessageEntityBold\">Labubu Les Monstres<\/strong>\u00a0de la c\u00e9l\u00e8bre marque <strong data-entity-type=\"MessageEntityBold\">Popmart<\/strong>\u00a0est plus qu&#8217;une simple d\u00e9coration ou un jouet \u2014 c&#8217;est une v\u00e9ritable \u0153uvre d&#8217;art miniature, pleine de joie, de personnalit\u00e9 et de style.<\/p>\n<p>Avec son look ludique, ses yeux expressifs et son petit c\u0153ur sur la poitrine, ce monstre apporte une ambiance amusante et originale qui captive les enfants, les adolescents et les adultes. C\u2019est la touche parfaite pour illuminer n\u2019importe quel espace \u2014 ou n\u2019importe quelle tenue !<\/p>\n<\/div>\n<\/div>\n<\/div>\n<\/div>\n<div class=\"ContextMenuContainer shown open\">\n<div class=\"Menu compact MessageContextMenu fluid with-reactions\">\n<div class=\"backdrop\"><\/div>\n<div class=\"bubble menu-container custom-scroll opacity-transition fast shown left bottom open\" role=\"presentation\">\n<div class=\"ReactionSelector\">\n<div class=\"ReactionSelector__bubble-small\"><\/div>\n<div class=\"ReactionSelector__items-wrapper\">\n<div class=\"ReactionSelector__bubble-big\"><\/div>\n<div class=\"ReactionSelector__items\">\n<div class=\"ReactionSelector__reactions\">\n<div class=\"uGUjDZKl\">\n<div class=\"AnimatedSticker\"><\/div>\n<\/div>\n<div class=\"uGUjDZKl\">\n<div class=\"AnimatedSticker\"><\/div>\n<\/div>\n<div class=\"uGUjDZKl\">\n<div class=\"AnimatedSticker\"><\/div>\n<\/div>\n<div class=\"uGUjDZKl\">\n<div class=\"AnimatedSticker\"><\/div>\n<\/div>\n<div class=\"uGUjDZKl\">\n<div class=\"AnimatedSticker\"><\/div>\n<\/div>\n<div class=\"uGUjDZKl\">\n<div class=\"AnimatedSticker\"><\/div>\n<\/div>\n<div class=\"uGUjDZKl\">\n<div class=\"AnimatedSticker\"><\/div>\n<\/div>\n<p>&nbsp;<\/p>\n<\/div>\n<\/div>\n<\/div>\n<\/div>\n<div class=\"MessageContextMenu_items scrollable-content custom-scroll\"><\/div>\n<\/div>\n<\/div>\n<\/div>\n<\/div>\n<\/div>\n<div class=\"forwards-trigger\"><\/div>\n<div class=\"fab-trigger\"><\/div>\n<\/div>\n<\/div>\n<div class=\"middle-column-footer\">\n<div class=\"Composer shown mounted\">\n<div class=\"Menu SendAsMenu\"><\/div>\n<div class=\"composer-wrapper\">\n<div class=\"message-input-wrapper peer-color-4\">\n<div class=\"symbol-menu-trigger\"><\/div>\n<div id=\"message-input-text\">\n<div class=\"custom-scroll input-scroller\">\n<div class=\"input-scroller-content\">\n<div id=\"editable-message-text\" class=\"form-control allow-selection\" dir=\"auto\" role=\"textbox\" aria-label=\"Message\"><\/div>\n<p>&nbsp;<\/p>\n<div class=\"absolute-video-container\"><\/div>\n<\/div>\n<\/div>\n<div class=\"custom-scroll input-scroller clone\">\n<div class=\"input-scroller-content\"><\/div>\n<\/div>\n<\/div>\n<\/div>\n<\/div>\n<\/div>\n<\/div>\n","protected":false},"excerpt":{"rendered":"<p>PopMart Labubu les Monstres: Un petit monstre qui charme, divertit et fait chavirer les c\u0153urs \u2014 dans chaque d\u00e9tail !<\/p>\n","protected":false},"featured_media":18212,"template":"","meta":[],"product_brand":[],"product_cat":[21],"product_tag":[],"class_list":{"0":"post-18223","1":"product","2":"type-product","3":"status-publish","4":"has-post-thumbnail","6":"product_cat-accessoires","8":"first","9":"instock","10":"shipping-taxable","11":"purchasable","12":"product-type-simple"},"jetpack_sharing_enabled":true,"_links":{"self":[{"href":"https:\/\/nounoursland.com\/fr_fr\/wp-json\/wp\/v2\/product\/18223","targetHints":{"allow":["GET"]}}],"collection":[{"href":"https:\/\/nounoursland.com\/fr_fr\/wp-json\/wp\/v2\/product"}],"about":[{"href":"https:\/\/nounoursland.com\/fr_fr\/wp-json\/wp\/v2\/types\/product"}],"version-history":[{"count":7,"href":"https:\/\/nounoursland.com\/fr_fr\/wp-json\/wp\/v2\/product\/18223\/revisions"}],"predecessor-version":[{"id":18266,"href":"https:\/\/nounoursland.com\/fr_fr\/wp-json\/wp\/v2\/product\/18223\/revisions\/18266"}],"wp:featuredmedia":[{"embeddable":true,"href":"https:\/\/nounoursland.com\/fr_fr\/wp-json\/wp\/v2\/media\/18212"}],"wp:attachment":[{"href":"https:\/\/nounoursland.com\/fr_fr\/wp-json\/wp\/v2\/media?parent=18223"}],"wp:term":[{"taxonomy":"product_brand","embeddable":true,"href":"https:\/\/nounoursland.com\/fr_fr\/wp-json\/wp\/v2\/product_brand?post=18223"},{"taxonomy":"product_cat","embeddable":true,"href":"https:\/\/nounoursland.com\/fr_fr\/wp-json\/wp\/v2\/product_cat?post=18223"},{"taxonomy":"product_tag","embeddable":true,"href":"https:\/\/nounoursland.com\/fr_fr\/wp-json\/wp\/v2\/product_tag?post=18223"}],"curies":[{"name":"wp","href":"https:\/\/api.w.org\/{rel}","templated":true}]}}