{"id":18417,"date":"2025-07-31T03:13:19","date_gmt":"2025-07-31T02:13:19","guid":{"rendered":"https:\/\/nounoursland.com\/?post_type=product&#038;p=18417"},"modified":"2025-09-27T02:11:48","modified_gmt":"2025-09-27T01:11:48","slug":"new-stitch-eat-something-before-sleep-boite-mystere","status":"publish","type":"product","link":"https:\/\/nounoursland.com\/fr_fr\/shop\/new-stitch-eat-something-before-sleep-boite-mystere\/","title":{"rendered":"NEW Stitch Eat Something Before Sleep (Boite myst\u00e9re)"},"content":{"rendered":"<p>Faites entrer l\u2019univers tendre de Lilo &amp; Stitch dans la chambre de votre enfant avec la peluche stitch style Labubu boite myst\u00e8re ! 7 mod\u00e8les de Stitch en pyjama \u00e0 collectionner, chacun tenant une petite gourmandise dans ses mains et pr\u00eat \u00e0 partager des c\u00e2lins avant le dodo<\/p>\n","protected":false},"excerpt":{"rendered":"<p>Faites entrer l\u2019univers tendre de Lilo &amp; Stitch dans la chambre de votre enfant avec la peluche stitch style Labubu<\/p>\n","protected":false},"featured_media":18453,"template":"","meta":[],"product_brand":[],"product_cat":[21,29],"product_tag":[],"class_list":{"0":"post-18417","1":"product","2":"type-product","3":"status-publish","4":"has-post-thumbnail","6":"product_cat-accessoires","7":"product_cat-peluches","9":"first","10":"instock","11":"sale","12":"shipping-taxable","13":"purchasable","14":"product-type-simple"},"jetpack_sharing_enabled":true,"_links":{"self":[{"href":"https:\/\/nounoursland.com\/fr_fr\/wp-json\/wp\/v2\/product\/18417","targetHints":{"allow":["GET"]}}],"collection":[{"href":"https:\/\/nounoursland.com\/fr_fr\/wp-json\/wp\/v2\/product"}],"about":[{"href":"https:\/\/nounoursland.com\/fr_fr\/wp-json\/wp\/v2\/types\/product"}],"version-history":[{"count":1,"href":"https:\/\/nounoursland.com\/fr_fr\/wp-json\/wp\/v2\/product\/18417\/revisions"}],"predecessor-version":[{"id":18465,"href":"https:\/\/nounoursland.com\/fr_fr\/wp-json\/wp\/v2\/product\/18417\/revisions\/18465"}],"wp:featuredmedia":[{"embeddable":true,"href":"https:\/\/nounoursland.com\/fr_fr\/wp-json\/wp\/v2\/media\/18453"}],"wp:attachment":[{"href":"https:\/\/nounoursland.com\/fr_fr\/wp-json\/wp\/v2\/media?parent=18417"}],"wp:term":[{"taxonomy":"product_brand","embeddable":true,"href":"https:\/\/nounoursland.com\/fr_fr\/wp-json\/wp\/v2\/product_brand?post=18417"},{"taxonomy":"product_cat","embeddable":true,"href":"https:\/\/nounoursland.com\/fr_fr\/wp-json\/wp\/v2\/product_cat?post=18417"},{"taxonomy":"product_tag","embeddable":true,"href":"https:\/\/nounoursland.com\/fr_fr\/wp-json\/wp\/v2\/product_tag?post=18417"}],"curies":[{"name":"wp","href":"https:\/\/api.w.org\/{rel}","templated":true}]}}